{"id":229,"date":"2023-05-29T09:06:06","date_gmt":"2023-05-29T09:06:06","guid":{"rendered":"https:\/\/labs.100x100.net\/projects\/x4\/?page_id=229"},"modified":"2023-05-31T13:33:29","modified_gmt":"2023-05-31T13:33:29","slug":"convocatorias","status":"publish","type":"page","link":"https:\/\/x4hpc.cat\/es\/convocatorias\/","title":{"rendered":"Convocatorias"},"content":{"rendered":"","protected":false},"excerpt":{"rendered":"","protected":false},"author":1,"featured_media":0,"parent":0,"menu_order":0,"comment_status":"closed","ping_status":"closed","template":"page-calls.php","meta":{"_acf_changed":false,"footnotes":""},"class_list":["post-229","page","type-page","status-publish","hentry"],"acf":[],"yoast_head":"<!-- This site is optimized with the Yoast SEO plugin v25.6 - https:\/\/yoast.com\/wordpress\/plugins\/seo\/ -->\n<title>Convocatorias - X4HPC<\/title>\n<meta name=\"description\" content=\"En esta secci\u00f3n podr\u00e9is encontrar las Convocatorias abiertas Red de I+D+i X4HPC para la Supercomputaci\u00f3n en Catalu\u00f1a\" \/>\n<meta name=\"robots\" content=\"index, follow, max-snippet:-1, max-image-preview:large, max-video-preview:-1\" \/>\n<link rel=\"canonical\" href=\"https:\/\/x4hpc.cat\/es\/convocatorias\/\" \/>\n<meta property=\"og:locale\" content=\"es_ES\" \/>\n<meta property=\"og:type\" content=\"article\" \/>\n<meta property=\"og:title\" content=\"Convocatorias - X4HPC\" \/>\n<meta property=\"og:description\" content=\"En esta secci\u00f3n podr\u00e9is encontrar las Convocatorias abiertas Red de I+D+i X4HPC para la Supercomputaci\u00f3n en Catalu\u00f1a\" \/>\n<meta property=\"og:url\" content=\"https:\/\/x4hpc.cat\/es\/convocatorias\/\" \/>\n<meta property=\"og:site_name\" content=\"X4HPC\" \/>\n<meta property=\"article:modified_time\" content=\"2023-05-31T13:33:29+00:00\" \/>\n<meta property=\"og:image\" content=\"https:\/\/hundreds-wordpress-uploads.s3.amazonaws.com\/x4\/uploads\/2023\/05\/x4hpc_seo.png\" \/>\n\t<meta property=\"og:image:width\" content=\"1191\" \/>\n\t<meta property=\"og:image:height\" content=\"524\" \/>\n\t<meta property=\"og:image:type\" content=\"image\/png\" \/>\n<meta name=\"twitter:card\" content=\"summary_large_image\" \/>\n<meta name=\"twitter:image\" content=\"https:\/\/hundreds-wordpress-uploads.s3.amazonaws.com\/x4\/uploads\/2023\/05\/x4hpc_seo.png\" \/>\n<meta name=\"twitter:site\" content=\"@x4hpc\" \/>\n<script type=\"application\/ld+json\" class=\"yoast-schema-graph\">{\"@context\":\"https:\/\/schema.org\",\"@graph\":[{\"@type\":\"WebPage\",\"@id\":\"https:\/\/x4hpc.cat\/es\/convocatorias\/\",\"url\":\"https:\/\/x4hpc.cat\/es\/convocatorias\/\",\"name\":\"Convocatorias - X4HPC\",\"isPartOf\":{\"@id\":\"https:\/\/x4hpc.cat\/ca\/#website\"},\"datePublished\":\"2023-05-29T09:06:06+00:00\",\"dateModified\":\"2023-05-31T13:33:29+00:00\",\"description\":\"En esta secci\u00f3n podr\u00e9is encontrar las Convocatorias abiertas Red de I+D+i X4HPC para la Supercomputaci\u00f3n en Catalu\u00f1a\",\"breadcrumb\":{\"@id\":\"https:\/\/x4hpc.cat\/es\/convocatorias\/#breadcrumb\"},\"inLanguage\":\"es\",\"potentialAction\":[{\"@type\":\"ReadAction\",\"target\":[\"https:\/\/x4hpc.cat\/es\/convocatorias\/\"]}]},{\"@type\":\"BreadcrumbList\",\"@id\":\"https:\/\/x4hpc.cat\/es\/convocatorias\/#breadcrumb\",\"itemListElement\":[{\"@type\":\"ListItem\",\"position\":1,\"name\":\"Portada\",\"item\":\"https:\/\/x4hpc.cat\/es\/\"},{\"@type\":\"ListItem\",\"position\":2,\"name\":\"Convocatorias\"}]},{\"@type\":\"WebSite\",\"@id\":\"https:\/\/x4hpc.cat\/ca\/#website\",\"url\":\"https:\/\/x4hpc.cat\/ca\/\",\"name\":\"X4HPC\",\"description\":\"Xarxa d&#039;R+D+I per la Supercomputaci\u00f3\",\"publisher\":{\"@id\":\"https:\/\/x4hpc.cat\/ca\/#organization\"},\"potentialAction\":[{\"@type\":\"SearchAction\",\"target\":{\"@type\":\"EntryPoint\",\"urlTemplate\":\"https:\/\/x4hpc.cat\/ca\/?s={search_term_string}\"},\"query-input\":{\"@type\":\"PropertyValueSpecification\",\"valueRequired\":true,\"valueName\":\"search_term_string\"}}],\"inLanguage\":\"es\"},{\"@type\":\"Organization\",\"@id\":\"https:\/\/x4hpc.cat\/ca\/#organization\",\"name\":\"X4HPC\",\"url\":\"https:\/\/x4hpc.cat\/ca\/\",\"logo\":{\"@type\":\"ImageObject\",\"inLanguage\":\"es\",\"@id\":\"https:\/\/x4hpc.cat\/ca\/#\/schema\/logo\/image\/\",\"url\":\"https:\/\/hundreds-wordpress-uploads.s3.amazonaws.com\/x4\/uploads\/2023\/05\/X4HPC_logo.png\",\"contentUrl\":\"https:\/\/hundreds-wordpress-uploads.s3.amazonaws.com\/x4\/uploads\/2023\/05\/X4HPC_logo.png\",\"width\":271,\"height\":79,\"caption\":\"X4HPC\"},\"image\":{\"@id\":\"https:\/\/x4hpc.cat\/ca\/#\/schema\/logo\/image\/\"},\"sameAs\":[\"https:\/\/x.com\/x4hpc\",\"https:\/\/www.linkedin.com\/company\/x4hpc\/\"]}]}<\/script>\n<!-- \/ Yoast SEO plugin. -->","yoast_head_json":{"title":"Convocatorias - X4HPC","description":"En esta secci\u00f3n podr\u00e9is encontrar las Convocatorias abiertas Red de I+D+i X4HPC para la Supercomputaci\u00f3n en Catalu\u00f1a","robots":{"index":"index","follow":"follow","max-snippet":"max-snippet:-1","max-image-preview":"max-image-preview:large","max-video-preview":"max-video-preview:-1"},"canonical":"https:\/\/x4hpc.cat\/es\/convocatorias\/","og_locale":"es_ES","og_type":"article","og_title":"Convocatorias - X4HPC","og_description":"En esta secci\u00f3n podr\u00e9is encontrar las Convocatorias abiertas Red de I+D+i X4HPC para la Supercomputaci\u00f3n en Catalu\u00f1a","og_url":"https:\/\/x4hpc.cat\/es\/convocatorias\/","og_site_name":"X4HPC","article_modified_time":"2023-05-31T13:33:29+00:00","og_image":[{"width":1191,"height":524,"url":"https:\/\/hundreds-wordpress-uploads.s3.amazonaws.com\/x4\/uploads\/2023\/05\/x4hpc_seo.png","type":"image\/png"}],"twitter_card":"summary_large_image","twitter_image":"https:\/\/hundreds-wordpress-uploads.s3.amazonaws.com\/x4\/uploads\/2023\/05\/x4hpc_seo.png","twitter_site":"@x4hpc","schema":{"@context":"https:\/\/schema.org","@graph":[{"@type":"WebPage","@id":"https:\/\/x4hpc.cat\/es\/convocatorias\/","url":"https:\/\/x4hpc.cat\/es\/convocatorias\/","name":"Convocatorias - X4HPC","isPartOf":{"@id":"https:\/\/x4hpc.cat\/ca\/#website"},"datePublished":"2023-05-29T09:06:06+00:00","dateModified":"2023-05-31T13:33:29+00:00","description":"En esta secci\u00f3n podr\u00e9is encontrar las Convocatorias abiertas Red de I+D+i X4HPC para la Supercomputaci\u00f3n en Catalu\u00f1a","breadcrumb":{"@id":"https:\/\/x4hpc.cat\/es\/convocatorias\/#breadcrumb"},"inLanguage":"es","potentialAction":[{"@type":"ReadAction","target":["https:\/\/x4hpc.cat\/es\/convocatorias\/"]}]},{"@type":"BreadcrumbList","@id":"https:\/\/x4hpc.cat\/es\/convocatorias\/#breadcrumb","itemListElement":[{"@type":"ListItem","position":1,"name":"Portada","item":"https:\/\/x4hpc.cat\/es\/"},{"@type":"ListItem","position":2,"name":"Convocatorias"}]},{"@type":"WebSite","@id":"https:\/\/x4hpc.cat\/ca\/#website","url":"https:\/\/x4hpc.cat\/ca\/","name":"X4HPC","description":"Xarxa d&#039;R+D+I per la Supercomputaci\u00f3","publisher":{"@id":"https:\/\/x4hpc.cat\/ca\/#organization"},"potentialAction":[{"@type":"SearchAction","target":{"@type":"EntryPoint","urlTemplate":"https:\/\/x4hpc.cat\/ca\/?s={search_term_string}"},"query-input":{"@type":"PropertyValueSpecification","valueRequired":true,"valueName":"search_term_string"}}],"inLanguage":"es"},{"@type":"Organization","@id":"https:\/\/x4hpc.cat\/ca\/#organization","name":"X4HPC","url":"https:\/\/x4hpc.cat\/ca\/","logo":{"@type":"ImageObject","inLanguage":"es","@id":"https:\/\/x4hpc.cat\/ca\/#\/schema\/logo\/image\/","url":"https:\/\/hundreds-wordpress-uploads.s3.amazonaws.com\/x4\/uploads\/2023\/05\/X4HPC_logo.png","contentUrl":"https:\/\/hundreds-wordpress-uploads.s3.amazonaws.com\/x4\/uploads\/2023\/05\/X4HPC_logo.png","width":271,"height":79,"caption":"X4HPC"},"image":{"@id":"https:\/\/x4hpc.cat\/ca\/#\/schema\/logo\/image\/"},"sameAs":["https:\/\/x.com\/x4hpc","https:\/\/www.linkedin.com\/company\/x4hpc\/"]}]}},"_links":{"self":[{"href":"https:\/\/x4hpc.cat\/es\/wp-json\/wp\/v2\/pages\/229","targetHints":{"allow":["GET"]}}],"collection":[{"href":"https:\/\/x4hpc.cat\/es\/wp-json\/wp\/v2\/pages"}],"about":[{"href":"https:\/\/x4hpc.cat\/es\/wp-json\/wp\/v2\/types\/page"}],"author":[{"embeddable":true,"href":"https:\/\/x4hpc.cat\/es\/wp-json\/wp\/v2\/users\/1"}],"replies":[{"embeddable":true,"href":"https:\/\/x4hpc.cat\/es\/wp-json\/wp\/v2\/comments?post=229"}],"version-history":[{"count":0,"href":"https:\/\/x4hpc.cat\/es\/wp-json\/wp\/v2\/pages\/229\/revisions"}],"wp:attachment":[{"href":"https:\/\/x4hpc.cat\/es\/wp-json\/wp\/v2\/media?parent=229"}],"curies":[{"name":"wp","href":"https:\/\/api.w.org\/{rel}","templated":true}]}}