{"id":22,"date":"2023-05-19T12:37:20","date_gmt":"2023-05-19T12:37:20","guid":{"rendered":"https:\/\/labs.100x100.net\/projects\/x4\/?page_id=22"},"modified":"2026-02-18T13:25:01","modified_gmt":"2026-02-18T13:25:01","slug":"politica-de-privacidad","status":"publish","type":"page","link":"https:\/\/x4hpc.cat\/es\/politica-de-privacidad\/","title":{"rendered":"Pol\u00edtica de privacidad"},"content":{"rendered":"<p>En virtud de la Ley 15\/1999, de 13 de diciembre, sobre la Protecci\u00f3n de Datos de Car\u00e1cter Personal, le hacemos conocedor de que sus datos personales, que pueden estar en esta comunicaci\u00f3n, est\u00e1n incorporadas en un fichero responsabilidad de la mercantil BARCELONA SUPERCOMPUTING CENTER, CIF: S-0800099-D. La finalidad de este fichero es la de gestionar la relaci\u00f3n del negocio e informarlo de nuestros servicios. Estos datos no ser\u00e1n transmitidos a terceras personas.<\/p>\n<p>Si desea ejercer los derechos de acceso, rectificaci\u00f3n, cancelaci\u00f3n u oposici\u00f3n, puede dirigirse a: c. Jordi Girona, n. 31, 08034 BARCELONA (Barcelona), o bien, enviar un correo electr\u00f3nico a:\u00a0<a class=\"spamspan\" href=\"mailto:admin%40bsc.es\">admin@bsc.es<\/a>.<\/p>\n<h3>Aviso sobre la confidencialidad de les comunicaciones<\/h3>\n<p>El contenido de este correo electr\u00f3nico y de sus anexos es estrictamente confidencial. En el caso que usted no sea destinatario y haya recibido este mensaje por equivocaci\u00f3n, agradecer\u00edamos que lo comunicara al remitente, sin difundir, almacenar o copiar su contenido.<\/p>\n","protected":false},"excerpt":{"rendered":"<p>En virtud de la Ley 15\/1999, de 13 de diciembre, sobre la Protecci\u00f3n de Datos de Car\u00e1cter Personal, le hacemos conocedor de que sus datos personales, que pueden estar en esta comunicaci\u00f3n, est\u00e1n incorporadas en un fichero responsabilidad de la mercantil BARCELONA SUPERCOMPUTING CENTER, CIF: S-0800099-D. La finalidad de este fichero es la de gestionar [&hellip;]<\/p>\n","protected":false},"author":1,"featured_media":0,"parent":0,"menu_order":0,"comment_status":"closed","ping_status":"closed","template":"","meta":{"_acf_changed":false,"footnotes":""},"class_list":["post-22","page","type-page","status-publish","hentry"],"acf":[],"yoast_head":"<!-- This site is optimized with the Yoast SEO plugin v25.6 - https:\/\/yoast.com\/wordpress\/plugins\/seo\/ -->\n<title>Pol\u00edtica de privacidad - X4HPC<\/title>\n<meta name=\"robots\" content=\"noindex, nofollow\" \/>\n<meta property=\"og:locale\" content=\"es_ES\" \/>\n<meta property=\"og:type\" content=\"article\" \/>\n<meta property=\"og:title\" content=\"Pol\u00edtica de privacidad - X4HPC\" \/>\n<meta property=\"og:description\" content=\"En virtud de la Ley 15\/1999, de 13 de diciembre, sobre la Protecci\u00f3n de Datos de Car\u00e1cter Personal, le hacemos conocedor de que sus datos personales, que pueden estar en esta comunicaci\u00f3n, est\u00e1n incorporadas en un fichero responsabilidad de la mercantil BARCELONA SUPERCOMPUTING CENTER, CIF: S-0800099-D. La finalidad de este fichero es la de gestionar [&hellip;]\" \/>\n<meta property=\"og:url\" content=\"https:\/\/x4hpc.cat\/es\/politica-de-privacidad\/\" \/>\n<meta property=\"og:site_name\" content=\"X4HPC\" \/>\n<meta property=\"article:modified_time\" content=\"2026-02-18T13:25:01+00:00\" \/>\n<meta name=\"twitter:card\" content=\"summary_large_image\" \/>\n<meta name=\"twitter:site\" content=\"@x4hpc\" \/>\n<meta name=\"twitter:label1\" content=\"Tiempo de lectura\" \/>\n\t<meta name=\"twitter:data1\" content=\"1 minuto\" \/>\n<script type=\"application\/ld+json\" class=\"yoast-schema-graph\">{\"@context\":\"https:\/\/schema.org\",\"@graph\":[{\"@type\":\"WebPage\",\"@id\":\"https:\/\/x4hpc.cat\/es\/politica-de-privacidad\/\",\"url\":\"https:\/\/x4hpc.cat\/es\/politica-de-privacidad\/\",\"name\":\"Pol\u00edtica de privacidad - X4HPC\",\"isPartOf\":{\"@id\":\"https:\/\/x4hpc.cat\/#website\"},\"datePublished\":\"2023-05-19T12:37:20+00:00\",\"dateModified\":\"2026-02-18T13:25:01+00:00\",\"breadcrumb\":{\"@id\":\"https:\/\/x4hpc.cat\/es\/politica-de-privacidad\/#breadcrumb\"},\"inLanguage\":\"es\",\"potentialAction\":[{\"@type\":\"ReadAction\",\"target\":[\"https:\/\/x4hpc.cat\/es\/politica-de-privacidad\/\"]}]},{\"@type\":\"BreadcrumbList\",\"@id\":\"https:\/\/x4hpc.cat\/es\/politica-de-privacidad\/#breadcrumb\",\"itemListElement\":[{\"@type\":\"ListItem\",\"position\":1,\"name\":\"Portada\",\"item\":\"https:\/\/x4hpc.cat\/es\/\"},{\"@type\":\"ListItem\",\"position\":2,\"name\":\"Pol\u00edtica de privacidad\"}]},{\"@type\":\"WebSite\",\"@id\":\"https:\/\/x4hpc.cat\/#website\",\"url\":\"https:\/\/x4hpc.cat\/\",\"name\":\"X4HPC\",\"description\":\"Xarxa d&#039;R+D+I per la Supercomputaci\u00f3\",\"publisher\":{\"@id\":\"https:\/\/x4hpc.cat\/#organization\"},\"potentialAction\":[{\"@type\":\"SearchAction\",\"target\":{\"@type\":\"EntryPoint\",\"urlTemplate\":\"https:\/\/x4hpc.cat\/?s={search_term_string}\"},\"query-input\":{\"@type\":\"PropertyValueSpecification\",\"valueRequired\":true,\"valueName\":\"search_term_string\"}}],\"inLanguage\":\"es\"},{\"@type\":\"Organization\",\"@id\":\"https:\/\/x4hpc.cat\/#organization\",\"name\":\"X4HPC\",\"url\":\"https:\/\/x4hpc.cat\/\",\"logo\":{\"@type\":\"ImageObject\",\"inLanguage\":\"es\",\"@id\":\"https:\/\/x4hpc.cat\/#\/schema\/logo\/image\/\",\"url\":\"https:\/\/hundreds-wordpress-uploads.s3.amazonaws.com\/x4\/uploads\/2023\/05\/X4HPC_logo.png\",\"contentUrl\":\"https:\/\/hundreds-wordpress-uploads.s3.amazonaws.com\/x4\/uploads\/2023\/05\/X4HPC_logo.png\",\"width\":271,\"height\":79,\"caption\":\"X4HPC\"},\"image\":{\"@id\":\"https:\/\/x4hpc.cat\/#\/schema\/logo\/image\/\"},\"sameAs\":[\"https:\/\/x.com\/x4hpc\",\"https:\/\/www.linkedin.com\/company\/x4hpc\/\"]}]}<\/script>\n<!-- \/ Yoast SEO plugin. -->","yoast_head_json":{"title":"Pol\u00edtica de privacidad - X4HPC","robots":{"index":"noindex","follow":"nofollow"},"og_locale":"es_ES","og_type":"article","og_title":"Pol\u00edtica de privacidad - X4HPC","og_description":"En virtud de la Ley 15\/1999, de 13 de diciembre, sobre la Protecci\u00f3n de Datos de Car\u00e1cter Personal, le hacemos conocedor de que sus datos personales, que pueden estar en esta comunicaci\u00f3n, est\u00e1n incorporadas en un fichero responsabilidad de la mercantil BARCELONA SUPERCOMPUTING CENTER, CIF: S-0800099-D. La finalidad de este fichero es la de gestionar [&hellip;]","og_url":"https:\/\/x4hpc.cat\/es\/politica-de-privacidad\/","og_site_name":"X4HPC","article_modified_time":"2026-02-18T13:25:01+00:00","twitter_card":"summary_large_image","twitter_site":"@x4hpc","twitter_misc":{"Tiempo de lectura":"1 minuto"},"schema":{"@context":"https:\/\/schema.org","@graph":[{"@type":"WebPage","@id":"https:\/\/x4hpc.cat\/es\/politica-de-privacidad\/","url":"https:\/\/x4hpc.cat\/es\/politica-de-privacidad\/","name":"Pol\u00edtica de privacidad - X4HPC","isPartOf":{"@id":"https:\/\/x4hpc.cat\/#website"},"datePublished":"2023-05-19T12:37:20+00:00","dateModified":"2026-02-18T13:25:01+00:00","breadcrumb":{"@id":"https:\/\/x4hpc.cat\/es\/politica-de-privacidad\/#breadcrumb"},"inLanguage":"es","potentialAction":[{"@type":"ReadAction","target":["https:\/\/x4hpc.cat\/es\/politica-de-privacidad\/"]}]},{"@type":"BreadcrumbList","@id":"https:\/\/x4hpc.cat\/es\/politica-de-privacidad\/#breadcrumb","itemListElement":[{"@type":"ListItem","position":1,"name":"Portada","item":"https:\/\/x4hpc.cat\/es\/"},{"@type":"ListItem","position":2,"name":"Pol\u00edtica de privacidad"}]},{"@type":"WebSite","@id":"https:\/\/x4hpc.cat\/#website","url":"https:\/\/x4hpc.cat\/","name":"X4HPC","description":"Xarxa d&#039;R+D+I per la Supercomputaci\u00f3","publisher":{"@id":"https:\/\/x4hpc.cat\/#organization"},"potentialAction":[{"@type":"SearchAction","target":{"@type":"EntryPoint","urlTemplate":"https:\/\/x4hpc.cat\/?s={search_term_string}"},"query-input":{"@type":"PropertyValueSpecification","valueRequired":true,"valueName":"search_term_string"}}],"inLanguage":"es"},{"@type":"Organization","@id":"https:\/\/x4hpc.cat\/#organization","name":"X4HPC","url":"https:\/\/x4hpc.cat\/","logo":{"@type":"ImageObject","inLanguage":"es","@id":"https:\/\/x4hpc.cat\/#\/schema\/logo\/image\/","url":"https:\/\/hundreds-wordpress-uploads.s3.amazonaws.com\/x4\/uploads\/2023\/05\/X4HPC_logo.png","contentUrl":"https:\/\/hundreds-wordpress-uploads.s3.amazonaws.com\/x4\/uploads\/2023\/05\/X4HPC_logo.png","width":271,"height":79,"caption":"X4HPC"},"image":{"@id":"https:\/\/x4hpc.cat\/#\/schema\/logo\/image\/"},"sameAs":["https:\/\/x.com\/x4hpc","https:\/\/www.linkedin.com\/company\/x4hpc\/"]}]}},"_links":{"self":[{"href":"https:\/\/x4hpc.cat\/es\/wp-json\/wp\/v2\/pages\/22","targetHints":{"allow":["GET"]}}],"collection":[{"href":"https:\/\/x4hpc.cat\/es\/wp-json\/wp\/v2\/pages"}],"about":[{"href":"https:\/\/x4hpc.cat\/es\/wp-json\/wp\/v2\/types\/page"}],"author":[{"embeddable":true,"href":"https:\/\/x4hpc.cat\/es\/wp-json\/wp\/v2\/users\/1"}],"replies":[{"embeddable":true,"href":"https:\/\/x4hpc.cat\/es\/wp-json\/wp\/v2\/comments?post=22"}],"version-history":[{"count":0,"href":"https:\/\/x4hpc.cat\/es\/wp-json\/wp\/v2\/pages\/22\/revisions"}],"wp:attachment":[{"href":"https:\/\/x4hpc.cat\/es\/wp-json\/wp\/v2\/media?parent=22"}],"curies":[{"name":"wp","href":"https:\/\/api.w.org\/{rel}","templated":true}]}}