{"id":3,"date":"2023-05-18T15:07:27","date_gmt":"2023-05-18T15:07:27","guid":{"rendered":"https:\/\/labs.100x100.net\/projects\/x4\/?page_id=3"},"modified":"2023-05-31T07:27:52","modified_gmt":"2023-05-31T07:27:52","slug":"politica-de-privacitat","status":"publish","type":"page","link":"https:\/\/x4hpc.cat\/ca\/politica-de-privacitat\/","title":{"rendered":"Pol\u00edtica de privacitat"},"content":{"rendered":"\r\n<p>En virtut de la Llei 15\/1999 de 13 de desembre, sobre la Protecci\u00f3 de Dades de Car\u00e0cter Personal, el fem coneixedor que les seves dades personals, que poden estar en aquesta comunicaci\u00f3, estan incorporades en un fitxer\u00a0 responsabilitat de BARCELONA SUPERCOMPUTING CENTER, CIF: S-0800099-D. La finalitat d\u2019aquest fitxer \u00e9s la de gestionar i informar-lo dels nostres serveis. Aquestes dades no seran transmeses a terceres persones.<\/p>\r\n<p>Si desitja exercir els drets d\u2019acc\u00e9s, rectificaci\u00f3, cancel\u00b7laci\u00f3 o oposici\u00f3, pot dirigir-se a: c. Jordi Girona, n. 31, 08034 BARCELONA (Barcelona), o b\u00e9, enviar un correu electr\u00f2nic a\u00a0<a class=\"spamspan\" href=\"mailto:admin%40bsc.es\">admin@bsc.es<\/a>.<\/p>\r\n<h3 class=\"wp-block-heading\">Av\u00eds sobre la confidencialitat de les comunicacions<\/h3>\r\n<p>El contingut d\u2019aquest correu electr\u00f2nic i dels seus annexes \u00e9s estrictament confidencial. En el cas que vost\u00e8 no sigui el destinatari i hagi rebut aquest missatge per equivocaci\u00f3, agrair\u00edem que ho comuniqu\u00e9ssiu al remitent, sense difondre, emmagatzemar o copiar el seu contingut.<\/p>\r\n","protected":false},"excerpt":{"rendered":"<p>En virtut de la Llei 15\/1999 de 13 de desembre, sobre la Protecci\u00f3 de Dades de Car\u00e0cter Personal, el fem coneixedor que les seves dades personals, que poden estar en aquesta comunicaci\u00f3, estan incorporades en un fitxer\u00a0 responsabilitat de BARCELONA SUPERCOMPUTING CENTER, CIF: S-0800099-D. La finalitat d\u2019aquest fitxer \u00e9s la de gestionar i informar-lo dels [&hellip;]<\/p>\n","protected":false},"author":1,"featured_media":0,"parent":0,"menu_order":0,"comment_status":"closed","ping_status":"closed","template":"","meta":{"_acf_changed":false,"footnotes":""},"class_list":["post-3","page","type-page","status-publish","hentry"],"acf":[],"yoast_head":"<!-- This site is optimized with the Yoast SEO plugin v25.6 - https:\/\/yoast.com\/wordpress\/plugins\/seo\/ -->\n<title>Pol\u00edtica de privacitat - X4HPC<\/title>\n<meta name=\"robots\" content=\"noindex, nofollow\" \/>\n<meta property=\"og:locale\" content=\"ca_ES\" \/>\n<meta property=\"og:type\" content=\"article\" \/>\n<meta property=\"og:title\" content=\"Pol\u00edtica de privacitat - X4HPC\" \/>\n<meta property=\"og:description\" content=\"En virtut de la Llei 15\/1999 de 13 de desembre, sobre la Protecci\u00f3 de Dades de Car\u00e0cter Personal, el fem coneixedor que les seves dades personals, que poden estar en aquesta comunicaci\u00f3, estan incorporades en un fitxer\u00a0 responsabilitat de BARCELONA SUPERCOMPUTING CENTER, CIF: S-0800099-D. La finalitat d\u2019aquest fitxer \u00e9s la de gestionar i informar-lo dels [&hellip;]\" \/>\n<meta property=\"og:url\" content=\"https:\/\/x4hpc.cat\/ca\/politica-de-privacitat\/\" \/>\n<meta property=\"og:site_name\" content=\"X4HPC\" \/>\n<meta property=\"article:modified_time\" content=\"2023-05-31T07:27:52+00:00\" \/>\n<meta name=\"twitter:card\" content=\"summary_large_image\" \/>\n<meta name=\"twitter:site\" content=\"@x4hpc\" \/>\n<meta name=\"twitter:label1\" content=\"Temps estimat de lectura\" \/>\n\t<meta name=\"twitter:data1\" content=\"1 minut\" \/>\n<script type=\"application\/ld+json\" class=\"yoast-schema-graph\">{\"@context\":\"https:\/\/schema.org\",\"@graph\":[{\"@type\":\"WebPage\",\"@id\":\"https:\/\/x4hpc.cat\/ca\/politica-de-privacitat\/\",\"url\":\"https:\/\/x4hpc.cat\/ca\/politica-de-privacitat\/\",\"name\":\"Pol\u00edtica de privacitat - X4HPC\",\"isPartOf\":{\"@id\":\"https:\/\/x4hpc.cat\/#website\"},\"datePublished\":\"2023-05-18T15:07:27+00:00\",\"dateModified\":\"2023-05-31T07:27:52+00:00\",\"breadcrumb\":{\"@id\":\"https:\/\/x4hpc.cat\/ca\/politica-de-privacitat\/#breadcrumb\"},\"inLanguage\":\"ca\",\"potentialAction\":[{\"@type\":\"ReadAction\",\"target\":[\"https:\/\/x4hpc.cat\/ca\/politica-de-privacitat\/\"]}]},{\"@type\":\"BreadcrumbList\",\"@id\":\"https:\/\/x4hpc.cat\/ca\/politica-de-privacitat\/#breadcrumb\",\"itemListElement\":[{\"@type\":\"ListItem\",\"position\":1,\"name\":\"Portada\",\"item\":\"https:\/\/x4hpc.cat\/ca\/\"},{\"@type\":\"ListItem\",\"position\":2,\"name\":\"Pol\u00edtica de privacitat\"}]},{\"@type\":\"WebSite\",\"@id\":\"https:\/\/x4hpc.cat\/#website\",\"url\":\"https:\/\/x4hpc.cat\/\",\"name\":\"X4HPC\",\"description\":\"Xarxa d&#039;R+D+I per la Supercomputaci\u00f3\",\"publisher\":{\"@id\":\"https:\/\/x4hpc.cat\/#organization\"},\"potentialAction\":[{\"@type\":\"SearchAction\",\"target\":{\"@type\":\"EntryPoint\",\"urlTemplate\":\"https:\/\/x4hpc.cat\/?s={search_term_string}\"},\"query-input\":{\"@type\":\"PropertyValueSpecification\",\"valueRequired\":true,\"valueName\":\"search_term_string\"}}],\"inLanguage\":\"ca\"},{\"@type\":\"Organization\",\"@id\":\"https:\/\/x4hpc.cat\/#organization\",\"name\":\"X4HPC\",\"url\":\"https:\/\/x4hpc.cat\/\",\"logo\":{\"@type\":\"ImageObject\",\"inLanguage\":\"ca\",\"@id\":\"https:\/\/x4hpc.cat\/#\/schema\/logo\/image\/\",\"url\":\"https:\/\/hundreds-wordpress-uploads.s3.amazonaws.com\/x4\/uploads\/2023\/05\/X4HPC_logo.png\",\"contentUrl\":\"https:\/\/hundreds-wordpress-uploads.s3.amazonaws.com\/x4\/uploads\/2023\/05\/X4HPC_logo.png\",\"width\":271,\"height\":79,\"caption\":\"X4HPC\"},\"image\":{\"@id\":\"https:\/\/x4hpc.cat\/#\/schema\/logo\/image\/\"},\"sameAs\":[\"https:\/\/x.com\/x4hpc\",\"https:\/\/www.linkedin.com\/company\/x4hpc\/\"]}]}<\/script>\n<!-- \/ Yoast SEO plugin. -->","yoast_head_json":{"title":"Pol\u00edtica de privacitat - X4HPC","robots":{"index":"noindex","follow":"nofollow"},"og_locale":"ca_ES","og_type":"article","og_title":"Pol\u00edtica de privacitat - X4HPC","og_description":"En virtut de la Llei 15\/1999 de 13 de desembre, sobre la Protecci\u00f3 de Dades de Car\u00e0cter Personal, el fem coneixedor que les seves dades personals, que poden estar en aquesta comunicaci\u00f3, estan incorporades en un fitxer\u00a0 responsabilitat de BARCELONA SUPERCOMPUTING CENTER, CIF: S-0800099-D. La finalitat d\u2019aquest fitxer \u00e9s la de gestionar i informar-lo dels [&hellip;]","og_url":"https:\/\/x4hpc.cat\/ca\/politica-de-privacitat\/","og_site_name":"X4HPC","article_modified_time":"2023-05-31T07:27:52+00:00","twitter_card":"summary_large_image","twitter_site":"@x4hpc","twitter_misc":{"Temps estimat de lectura":"1 minut"},"schema":{"@context":"https:\/\/schema.org","@graph":[{"@type":"WebPage","@id":"https:\/\/x4hpc.cat\/ca\/politica-de-privacitat\/","url":"https:\/\/x4hpc.cat\/ca\/politica-de-privacitat\/","name":"Pol\u00edtica de privacitat - X4HPC","isPartOf":{"@id":"https:\/\/x4hpc.cat\/#website"},"datePublished":"2023-05-18T15:07:27+00:00","dateModified":"2023-05-31T07:27:52+00:00","breadcrumb":{"@id":"https:\/\/x4hpc.cat\/ca\/politica-de-privacitat\/#breadcrumb"},"inLanguage":"ca","potentialAction":[{"@type":"ReadAction","target":["https:\/\/x4hpc.cat\/ca\/politica-de-privacitat\/"]}]},{"@type":"BreadcrumbList","@id":"https:\/\/x4hpc.cat\/ca\/politica-de-privacitat\/#breadcrumb","itemListElement":[{"@type":"ListItem","position":1,"name":"Portada","item":"https:\/\/x4hpc.cat\/ca\/"},{"@type":"ListItem","position":2,"name":"Pol\u00edtica de privacitat"}]},{"@type":"WebSite","@id":"https:\/\/x4hpc.cat\/#website","url":"https:\/\/x4hpc.cat\/","name":"X4HPC","description":"Xarxa d&#039;R+D+I per la Supercomputaci\u00f3","publisher":{"@id":"https:\/\/x4hpc.cat\/#organization"},"potentialAction":[{"@type":"SearchAction","target":{"@type":"EntryPoint","urlTemplate":"https:\/\/x4hpc.cat\/?s={search_term_string}"},"query-input":{"@type":"PropertyValueSpecification","valueRequired":true,"valueName":"search_term_string"}}],"inLanguage":"ca"},{"@type":"Organization","@id":"https:\/\/x4hpc.cat\/#organization","name":"X4HPC","url":"https:\/\/x4hpc.cat\/","logo":{"@type":"ImageObject","inLanguage":"ca","@id":"https:\/\/x4hpc.cat\/#\/schema\/logo\/image\/","url":"https:\/\/hundreds-wordpress-uploads.s3.amazonaws.com\/x4\/uploads\/2023\/05\/X4HPC_logo.png","contentUrl":"https:\/\/hundreds-wordpress-uploads.s3.amazonaws.com\/x4\/uploads\/2023\/05\/X4HPC_logo.png","width":271,"height":79,"caption":"X4HPC"},"image":{"@id":"https:\/\/x4hpc.cat\/#\/schema\/logo\/image\/"},"sameAs":["https:\/\/x.com\/x4hpc","https:\/\/www.linkedin.com\/company\/x4hpc\/"]}]}},"_links":{"self":[{"href":"https:\/\/x4hpc.cat\/ca\/wp-json\/wp\/v2\/pages\/3","targetHints":{"allow":["GET"]}}],"collection":[{"href":"https:\/\/x4hpc.cat\/ca\/wp-json\/wp\/v2\/pages"}],"about":[{"href":"https:\/\/x4hpc.cat\/ca\/wp-json\/wp\/v2\/types\/page"}],"author":[{"embeddable":true,"href":"https:\/\/x4hpc.cat\/ca\/wp-json\/wp\/v2\/users\/1"}],"replies":[{"embeddable":true,"href":"https:\/\/x4hpc.cat\/ca\/wp-json\/wp\/v2\/comments?post=3"}],"version-history":[{"count":0,"href":"https:\/\/x4hpc.cat\/ca\/wp-json\/wp\/v2\/pages\/3\/revisions"}],"wp:attachment":[{"href":"https:\/\/x4hpc.cat\/ca\/wp-json\/wp\/v2\/media?parent=3"}],"curies":[{"name":"wp","href":"https:\/\/api.w.org\/{rel}","templated":true}]}}