{"id":227,"date":"2023-05-29T09:05:54","date_gmt":"2023-05-29T09:05:54","guid":{"rendered":"https:\/\/labs.100x100.net\/projects\/x4\/?page_id=227"},"modified":"2026-02-18T13:20:31","modified_gmt":"2026-02-18T13:20:31","slug":"convocatories","status":"publish","type":"page","link":"https:\/\/x4hpc.cat\/ca\/convocatories\/","title":{"rendered":"Convocat\u00f2ries"},"content":{"rendered":"","protected":false},"excerpt":{"rendered":"","protected":false},"author":1,"featured_media":0,"parent":0,"menu_order":0,"comment_status":"closed","ping_status":"closed","template":"page-calls.php","meta":{"_acf_changed":false,"footnotes":""},"class_list":["post-227","page","type-page","status-publish","hentry"],"acf":[],"yoast_head":"<!-- This site is optimized with the Yoast SEO plugin v25.6 - https:\/\/yoast.com\/wordpress\/plugins\/seo\/ -->\n<title>Convocat\u00f2ries - X4HPC<\/title>\n<meta name=\"description\" content=\"En aquesta secci\u00f3 podreu trobar les convocat\u00f2ries obertes de la Xarxa d\u2019R+D+I X4HPC per la Supercomputaci\u00f3 a Catalunya\" \/>\n<meta name=\"robots\" content=\"index, follow, max-snippet:-1, max-image-preview:large, max-video-preview:-1\" \/>\n<link rel=\"canonical\" href=\"https:\/\/x4hpc.cat\/ca\/convocatories\/\" \/>\n<meta property=\"og:locale\" content=\"ca_ES\" \/>\n<meta property=\"og:type\" content=\"article\" \/>\n<meta property=\"og:title\" content=\"Convocat\u00f2ries - X4HPC\" \/>\n<meta property=\"og:description\" content=\"En aquesta secci\u00f3 podreu trobar les convocat\u00f2ries obertes de la Xarxa d\u2019R+D+I X4HPC per la Supercomputaci\u00f3 a Catalunya\" \/>\n<meta property=\"og:url\" content=\"https:\/\/x4hpc.cat\/ca\/convocatories\/\" \/>\n<meta property=\"og:site_name\" content=\"X4HPC\" \/>\n<meta property=\"article:modified_time\" content=\"2026-02-18T13:20:31+00:00\" \/>\n<meta property=\"og:image\" content=\"https:\/\/hundreds-wordpress-uploads.s3.amazonaws.com\/x4\/uploads\/2023\/05\/x4hpc_seo.png\" \/>\n\t<meta property=\"og:image:width\" content=\"1191\" \/>\n\t<meta property=\"og:image:height\" content=\"524\" \/>\n\t<meta property=\"og:image:type\" content=\"image\/png\" \/>\n<meta name=\"twitter:card\" content=\"summary_large_image\" \/>\n<meta name=\"twitter:image\" content=\"https:\/\/hundreds-wordpress-uploads.s3.amazonaws.com\/x4\/uploads\/2023\/05\/x4hpc_seo.png\" \/>\n<meta name=\"twitter:site\" content=\"@x4hpc\" \/>\n<script type=\"application\/ld+json\" class=\"yoast-schema-graph\">{\"@context\":\"https:\/\/schema.org\",\"@graph\":[{\"@type\":\"WebPage\",\"@id\":\"https:\/\/x4hpc.cat\/ca\/convocatories\/\",\"url\":\"https:\/\/x4hpc.cat\/ca\/convocatories\/\",\"name\":\"Convocat\u00f2ries - X4HPC\",\"isPartOf\":{\"@id\":\"https:\/\/x4hpc.cat\/ca\/#website\"},\"datePublished\":\"2023-05-29T09:05:54+00:00\",\"dateModified\":\"2026-02-18T13:20:31+00:00\",\"description\":\"En aquesta secci\u00f3 podreu trobar les convocat\u00f2ries obertes de la Xarxa d\u2019R+D+I X4HPC per la Supercomputaci\u00f3 a Catalunya\",\"breadcrumb\":{\"@id\":\"https:\/\/x4hpc.cat\/ca\/convocatories\/#breadcrumb\"},\"inLanguage\":\"ca\",\"potentialAction\":[{\"@type\":\"ReadAction\",\"target\":[\"https:\/\/x4hpc.cat\/ca\/convocatories\/\"]}]},{\"@type\":\"BreadcrumbList\",\"@id\":\"https:\/\/x4hpc.cat\/ca\/convocatories\/#breadcrumb\",\"itemListElement\":[{\"@type\":\"ListItem\",\"position\":1,\"name\":\"Portada\",\"item\":\"https:\/\/x4hpc.cat\/ca\/\"},{\"@type\":\"ListItem\",\"position\":2,\"name\":\"Convocat\u00f2ries\"}]},{\"@type\":\"WebSite\",\"@id\":\"https:\/\/x4hpc.cat\/ca\/#website\",\"url\":\"https:\/\/x4hpc.cat\/ca\/\",\"name\":\"X4HPC\",\"description\":\"Xarxa d&#039;R+D+I per la Supercomputaci\u00f3\",\"publisher\":{\"@id\":\"https:\/\/x4hpc.cat\/ca\/#organization\"},\"potentialAction\":[{\"@type\":\"SearchAction\",\"target\":{\"@type\":\"EntryPoint\",\"urlTemplate\":\"https:\/\/x4hpc.cat\/ca\/?s={search_term_string}\"},\"query-input\":{\"@type\":\"PropertyValueSpecification\",\"valueRequired\":true,\"valueName\":\"search_term_string\"}}],\"inLanguage\":\"ca\"},{\"@type\":\"Organization\",\"@id\":\"https:\/\/x4hpc.cat\/ca\/#organization\",\"name\":\"X4HPC\",\"url\":\"https:\/\/x4hpc.cat\/ca\/\",\"logo\":{\"@type\":\"ImageObject\",\"inLanguage\":\"ca\",\"@id\":\"https:\/\/x4hpc.cat\/ca\/#\/schema\/logo\/image\/\",\"url\":\"https:\/\/hundreds-wordpress-uploads.s3.amazonaws.com\/x4\/uploads\/2023\/05\/X4HPC_logo.png\",\"contentUrl\":\"https:\/\/hundreds-wordpress-uploads.s3.amazonaws.com\/x4\/uploads\/2023\/05\/X4HPC_logo.png\",\"width\":271,\"height\":79,\"caption\":\"X4HPC\"},\"image\":{\"@id\":\"https:\/\/x4hpc.cat\/ca\/#\/schema\/logo\/image\/\"},\"sameAs\":[\"https:\/\/x.com\/x4hpc\",\"https:\/\/www.linkedin.com\/company\/x4hpc\/\"]}]}<\/script>\n<!-- \/ Yoast SEO plugin. -->","yoast_head_json":{"title":"Convocat\u00f2ries - X4HPC","description":"En aquesta secci\u00f3 podreu trobar les convocat\u00f2ries obertes de la Xarxa d\u2019R+D+I X4HPC per la Supercomputaci\u00f3 a Catalunya","robots":{"index":"index","follow":"follow","max-snippet":"max-snippet:-1","max-image-preview":"max-image-preview:large","max-video-preview":"max-video-preview:-1"},"canonical":"https:\/\/x4hpc.cat\/ca\/convocatories\/","og_locale":"ca_ES","og_type":"article","og_title":"Convocat\u00f2ries - X4HPC","og_description":"En aquesta secci\u00f3 podreu trobar les convocat\u00f2ries obertes de la Xarxa d\u2019R+D+I X4HPC per la Supercomputaci\u00f3 a Catalunya","og_url":"https:\/\/x4hpc.cat\/ca\/convocatories\/","og_site_name":"X4HPC","article_modified_time":"2026-02-18T13:20:31+00:00","og_image":[{"width":1191,"height":524,"url":"https:\/\/hundreds-wordpress-uploads.s3.amazonaws.com\/x4\/uploads\/2023\/05\/x4hpc_seo.png","type":"image\/png"}],"twitter_card":"summary_large_image","twitter_image":"https:\/\/hundreds-wordpress-uploads.s3.amazonaws.com\/x4\/uploads\/2023\/05\/x4hpc_seo.png","twitter_site":"@x4hpc","schema":{"@context":"https:\/\/schema.org","@graph":[{"@type":"WebPage","@id":"https:\/\/x4hpc.cat\/ca\/convocatories\/","url":"https:\/\/x4hpc.cat\/ca\/convocatories\/","name":"Convocat\u00f2ries - X4HPC","isPartOf":{"@id":"https:\/\/x4hpc.cat\/ca\/#website"},"datePublished":"2023-05-29T09:05:54+00:00","dateModified":"2026-02-18T13:20:31+00:00","description":"En aquesta secci\u00f3 podreu trobar les convocat\u00f2ries obertes de la Xarxa d\u2019R+D+I X4HPC per la Supercomputaci\u00f3 a Catalunya","breadcrumb":{"@id":"https:\/\/x4hpc.cat\/ca\/convocatories\/#breadcrumb"},"inLanguage":"ca","potentialAction":[{"@type":"ReadAction","target":["https:\/\/x4hpc.cat\/ca\/convocatories\/"]}]},{"@type":"BreadcrumbList","@id":"https:\/\/x4hpc.cat\/ca\/convocatories\/#breadcrumb","itemListElement":[{"@type":"ListItem","position":1,"name":"Portada","item":"https:\/\/x4hpc.cat\/ca\/"},{"@type":"ListItem","position":2,"name":"Convocat\u00f2ries"}]},{"@type":"WebSite","@id":"https:\/\/x4hpc.cat\/ca\/#website","url":"https:\/\/x4hpc.cat\/ca\/","name":"X4HPC","description":"Xarxa d&#039;R+D+I per la Supercomputaci\u00f3","publisher":{"@id":"https:\/\/x4hpc.cat\/ca\/#organization"},"potentialAction":[{"@type":"SearchAction","target":{"@type":"EntryPoint","urlTemplate":"https:\/\/x4hpc.cat\/ca\/?s={search_term_string}"},"query-input":{"@type":"PropertyValueSpecification","valueRequired":true,"valueName":"search_term_string"}}],"inLanguage":"ca"},{"@type":"Organization","@id":"https:\/\/x4hpc.cat\/ca\/#organization","name":"X4HPC","url":"https:\/\/x4hpc.cat\/ca\/","logo":{"@type":"ImageObject","inLanguage":"ca","@id":"https:\/\/x4hpc.cat\/ca\/#\/schema\/logo\/image\/","url":"https:\/\/hundreds-wordpress-uploads.s3.amazonaws.com\/x4\/uploads\/2023\/05\/X4HPC_logo.png","contentUrl":"https:\/\/hundreds-wordpress-uploads.s3.amazonaws.com\/x4\/uploads\/2023\/05\/X4HPC_logo.png","width":271,"height":79,"caption":"X4HPC"},"image":{"@id":"https:\/\/x4hpc.cat\/ca\/#\/schema\/logo\/image\/"},"sameAs":["https:\/\/x.com\/x4hpc","https:\/\/www.linkedin.com\/company\/x4hpc\/"]}]}},"_links":{"self":[{"href":"https:\/\/x4hpc.cat\/ca\/wp-json\/wp\/v2\/pages\/227","targetHints":{"allow":["GET"]}}],"collection":[{"href":"https:\/\/x4hpc.cat\/ca\/wp-json\/wp\/v2\/pages"}],"about":[{"href":"https:\/\/x4hpc.cat\/ca\/wp-json\/wp\/v2\/types\/page"}],"author":[{"embeddable":true,"href":"https:\/\/x4hpc.cat\/ca\/wp-json\/wp\/v2\/users\/1"}],"replies":[{"embeddable":true,"href":"https:\/\/x4hpc.cat\/ca\/wp-json\/wp\/v2\/comments?post=227"}],"version-history":[{"count":0,"href":"https:\/\/x4hpc.cat\/ca\/wp-json\/wp\/v2\/pages\/227\/revisions"}],"wp:attachment":[{"href":"https:\/\/x4hpc.cat\/ca\/wp-json\/wp\/v2\/media?parent=227"}],"curies":[{"name":"wp","href":"https:\/\/api.w.org\/{rel}","templated":true}]}}