{"id":13,"date":"2023-05-19T12:34:35","date_gmt":"2023-05-19T12:34:35","guid":{"rendered":"https:\/\/labs.100x100.net\/projects\/x4\/?page_id=13"},"modified":"2023-05-31T07:28:43","modified_gmt":"2023-05-31T07:28:43","slug":"avis-legal","status":"publish","type":"page","link":"https:\/\/x4hpc.cat\/ca\/avis-legal\/","title":{"rendered":"Av\u00eds legal"},"content":{"rendered":"<p>De acuerdo con las obligaciones previstas en la Ley 34\/2002, de Servicios de la Sociedad de la Informaci\u00f3n y del Comercio Electr\u00f3nico (en adelante LSSIYCE), BARCELONA SUPERCOMPUTING CENTER &#8211; CENTRO NACIONAL DE SUPERCOMPUTACI\u00d3N (BSC-CNS) manifiesta que el dominio www.bsc.es es propiedad de BSC-CNS, con CIF S-0800099-D, y domicilio en c\/ Jordi Girona n. 31, 08034 Barcelona (Barcelona).<\/p>\n<h3>CONDICIONES DE ACCESO Y USO POR PARTE DE LOS USUARIOS DEL SITIO WEB Y ACCIONES NO PERMITIDAS<\/h3>\n<p>El acceso y uso del sitio web atribuye la condici\u00f3n de usuario y en consecuencia comporta la aceptaci\u00f3n expresa, plena y sin reservas de las condiciones de acceso y uso que constan en el presente aviso legal. Estas condiciones ser\u00e1n de aplicaci\u00f3n independientemente de las condiciones generales de contrataci\u00f3n y de comercio electr\u00f3nico que, en su caso, resulten de aplicaci\u00f3n a las funcionalidades que ofrecen los sitios web.<\/p>\n<p>El usuario se compromete a utilizar los servicios y la informaci\u00f3n facilitada por el portal www.bsc.es de manera adecuada y l\u00edcita, absteni\u00e9ndose por tanto de realizar actividades ilegales, il\u00edcitas o contrarias a la buena fe y al orden p\u00fablico. En cualquier caso, la responsabilidad del uso de la informaci\u00f3n contenida en este sitio web es del usuario. En caso de que el uso de determinadas funcionalidades o servicios incluidos en sitios web requiera el registro previo del usuario, \u00e9ste se realizar\u00e1 mediante formularios de captaci\u00f3n de datos sujetos a las prevenciones de la legislaci\u00f3n en materia de protecci\u00f3n de datos de car\u00e1cter personal. Los menores de edad deber\u00e1n contar con la autorizaci\u00f3n de sus tutores legales para utilizar el presente sitio web, siendo \u00e9stos responsables de los mismos.<\/p>\n<h3>RESPONSABILIDAD<\/h3>\n<p>BSC-CNS no asume ninguna responsabilidad derivada del uso incorrecto, inapropiado o il\u00edcito de la informaci\u00f3n aparecida en sus p\u00e1ginas.<\/p>\n<p>Con los l\u00edmites establecidos en la ley, BSC-CNS no asume ninguna responsabilidad derivada de la falta de veracidad, integridad, actualizaci\u00f3n y precisi\u00f3n de los datos o informaciones que se contienen en sus p\u00e1ginas de Internet. Los contenidos e informaci\u00f3n de las p\u00e1ginas de Internet de BSC-CNS est\u00e1n elaborados por profesionales debidamente cualificados para el ejercicio de su profesi\u00f3n. Sin embargo, los contenidos e informaci\u00f3n no vinculan a la susodicha, ni constituyen opiniones, consejos o asesoramiento legal de ning\u00fan tipo, pues se trata meramente de un servicio ofrecido con car\u00e1cter informativo y divulgativo.<\/p>\n<p>Las p\u00e1ginas de Internet de BSC-CNS pueden contener enlaces a otras p\u00e1ginas de terceros. BSC-CNS no asume ninguna responsabilidad por el contenido que pueda aparecer en p\u00e1ginas de terceros. Los textos, im\u00e1genes, sonidos, animaciones, software y el resto de contenidos incluidos en esta web son propiedad exclusiva de BSC-CNS o sus licenciantes. Cualquier acto de transmisi\u00f3n, distribuci\u00f3n, cesi\u00f3n, reproducci\u00f3n, almacenamiento o comunicaci\u00f3n p\u00fablica total o parcial debe contar con el consentimiento expreso de BSC-CNS.<\/p>\n<h3>INFORMACI\u00d3N SOBRE PROTECCI\u00d3N DE DATOS DE CAR\u00c1CTER PERSONAL<\/h3>\n<p>En virtud de la normativa de Protecci\u00f3n de Datos de Car\u00e1cter Personal, Reglamento General de Protecci\u00f3n de Datos 2016\/679, por la presente autoriza a que los datos personales facilitados sean incorporados en el fichero responsabilidad de BSC-CNS, CIF: S-0800099-D y domicilio a c\/ Jordi Girona n. 31, 08034 Barcelona (Barcelona). La finalidad de este tratamiento es la de gestionar su petici\u00f3n, dependiendo de la secci\u00f3n en la que se haya suscrito:<\/p>\n<ul>\n<li><strong>Newsletter:<\/strong>\u00a0recibir bolet\u00edn informativo de manera peri\u00f3dica sobre novedades del BSC-CNS.<\/li>\n<li><strong>Avisos de empleos:<\/strong>\u00a0recibir informaci\u00f3n sobre las vacantes existentes en el BSC-CNS.<\/li>\n<li><strong>Contrataci\u00f3n:<\/strong>\u00a0gestionar las aplicaciones en las vacantes del BSC-CNS.<\/li>\n<li><strong>Folks:<\/strong>\u00a0recibir informaci\u00f3n relativa a la actividad del grupo Folks BSC-CNS.<\/li>\n<li><strong>Eventos:<\/strong>\u00a0gestionar la organizaci\u00f3n de eventos, como workshops, reuniones, etc.<\/li>\n<li><strong>Usuario:<\/strong>\u00a0gestionar los datos de las personas externas a esta instituci\u00f3n que forman parte de proyectos.<\/li>\n<li><strong>Proyectos:<\/strong>\u00a0gestionar los datos de las personas que participan en diferentes proyectos.<\/li>\n<li><strong>Forum, chats y encuestas:<\/strong>\u00a0gestionar los datos de las personas que publican mensajes, se comunican a trav\u00e9s de diversos canales de comunicaci\u00f3n o se recogen con el fin de formular preguntas o conocer la opini\u00f3n sobre un determinado tema.<\/li>\n<\/ul>\n<p>Estos datos no ser\u00e1n transmitidos a terceras personas y ser\u00e1n conservados siempre que sea imprescindible o leg\u00edtimo para la finalidad que se captaron.<\/p>\n<p>En cualquier caso, podr\u00e1 indicar la revocaci\u00f3n del consentimiento dado, as\u00ed como ejercitar los derechos de acceso, rectificaci\u00f3n o supresi\u00f3n, la limitaci\u00f3n del tratamiento u oponerse, as\u00ed como el derecho a la portabilidad de los datos. Estas peticiones deber\u00e1n realizarse en c\/ Jordi Girona n. 31, 08034 Barcelona (Barcelona), o poni\u00e9ndose en contacto con el delegado de protecci\u00f3n de datos del BSC-CNS a la siguiente direcci\u00f3n:\u00a0<a href=\"mailto:dpo@bsc.es\">dpo@bsc.es<\/a><\/p>\n<p>Asimismo, tambi\u00e9n podr\u00e1 presentar una reclamaci\u00f3n ante la Agencia Espa\u00f1ola de Protecci\u00f3n de Datos.<\/p>\n<h3>PROPIEDAD INDUSTRIAL E INTELECTUAL<\/h3>\n<p>Esta web es propiedad de BSC-CNS, pero se otorga una licencia\u00a0<em>Creative Commons<\/em>, y en concreto la siguiente:<\/p>\n<p>Reconocimiento-No Comercial CC BY-NC \u00a0<img decoding=\"async\" src=\"https:\/\/www.bsc.es\/sites\/default\/files\/public\/legal_notice.png\" alt=\"\" \/><\/p>\n<p>Esta licencia permite a otros entremezclar, ajustar y construir a partir de su obra con fines no comerciales, y aunque en sus nuevas creaciones deban reconocerle su autor\u00eda y no puedan ser utilizadas de manera comercial, no tienen que estar bajo una licencia con los mismos t\u00e9rminos.<\/p>\n<h3>CHATS, FOROS, ENCUESTAS Y NEWSLETTERS<\/h3>\n<p>BSC-CNS puede disponer ahora y en un futuro secciones de car\u00e1cter p\u00fablico y participativo tales como chats, foros, encuestas, etc., entendidas como accesibles a todos los usuarios en general, para su interactuaci\u00f3n. En determinados casos se establecen las condiciones de participaci\u00f3n que tendr\u00e1n que ser previamente aceptadas, as\u00ed como el registro obligatorio del usuario, en cuyo caso, adem\u00e1s de las condiciones de participaci\u00f3n se deber\u00e1 aceptar la cesi\u00f3n de datos personales a los efectos de cumplir con lo previsto en la normativa de protecci\u00f3n de datos personales.<\/p>\n<p>Se establecen las siguientes condiciones de uso y acceso:<\/p>\n<p>BSC-CNS no asume responsabilidad alguna por el contenido de los mensajes, informaciones, opiniones que efect\u00faen los usuarios. Asimismo, BSC-CNS se reserva el derecho de impedir y\/o eliminar contenidos il\u00edcitos o que puedan perjudicar derechos leg\u00edtimos de cualquier clase en especial en caso de incompatibilidad con estas condiciones.<\/p>\n<p>BSC-CNS tendr\u00e1 derecho a reproducir, modificar (mediante extractos, res\u00famenes, rese\u00f1as), adaptar y publicar incluida la comunicaci\u00f3n p\u00fablica, los contenidos ya sean textos, fotograf\u00edas, gr\u00e1ficos, etc., con el objeto de promover la propia secci\u00f3n a la que se hayan transmitido, as\u00ed como utilizarlos en las actividades y publicaciones de BSC-CNS, en cualquier formato y soporte. La licencia es gratuita y su duraci\u00f3n se extiende hasta el paso al dominio p\u00fablico que permita en cada momento la normativa de propiedad intelectual. Los usuarios solo enviaran contenidos de los que sean autores originales o de los que dispongan de los derechos de su titular, sin perjuicio de informar de la URL del propietario o derecho que haya por enlazar a los referidos contenidos.<\/p>\n<p>Los datos personales que consten en las funcionalidades interactivas y en sus contenidos no se pueden utilizar en beneficio o para usos que no hayan sido autorizados expresamente por su titular. El usuario responder\u00e1 de la veracidad de los datos facilitados.<\/p>\n<p>Los usuarios o participantes se abstendr\u00e1n de utilizar lenguaje ofensivo, difamatorio, racista o violento en sus opiniones.<\/p>\n<p>No se podr\u00e1n realizar comunicaciones comerciales no autorizadas.<\/p>\n<p>Se advierte a los usuarios que los datos personales que faciliten podr\u00e1n ser vistos por cualquier usuario o participante. Si se tratase de datos personales de terceros ser\u00e1 necesario recabar su consentimiento expreso. En caso de encuestas, el usuario podr\u00e1 participar de forma an\u00f3nima y el BSC-CNS no asume responsabilidad alguna derivada del uso que haga el usuario sobre esos resultados.<\/p>\n<p>La suscripci\u00f3n \u2013 gratuita o no \u2013 a (newsletters) editadas por BSC-CNS a trav\u00e9s de www.bsc.es, ser\u00e1 voluntaria y supondr\u00e1 la aceptaci\u00f3n expresa de las condiciones que, en cada caso, se establezcan e implicar\u00e1 la aceptaci\u00f3n por parte del usuario para recibir informaci\u00f3n del BSC-CNS.<\/p>\n<h3>LEY APLICABLE Y JURISDICCI\u00d3N<\/h3>\n<p>Las presentes condiciones generales se rigen por la Legislaci\u00f3n espa\u00f1ola, siendo competentes los Juzgados y Tribunales espa\u00f1oles de la ciudad de Barcelona para conocer de cuantas cuestiones se susciten sobre la interpretaci\u00f3n, aplicaci\u00f3n e cumplimiento de las mismas.<\/p>\n<p>El usuario por virtud de su aceptaci\u00f3n a las condiciones generales recogidas en este aviso legal, renuncia expresamente a cualquier fuero que, por aplicaci\u00f3n de la Ley de Enjuiciamiento Civil vigente pudiera corresponderle, siempre que sea posible esta sumisi\u00f3n.<\/p>\n","protected":false},"excerpt":{"rendered":"<p>De acuerdo con las obligaciones previstas en la Ley 34\/2002, de Servicios de la Sociedad de la Informaci\u00f3n y del Comercio Electr\u00f3nico (en adelante LSSIYCE), BARCELONA SUPERCOMPUTING CENTER &#8211; CENTRO NACIONAL DE SUPERCOMPUTACI\u00d3N (BSC-CNS) manifiesta que el dominio www.bsc.es es propiedad de BSC-CNS, con CIF S-0800099-D, y domicilio en c\/ Jordi Girona n. 31, 08034 [&hellip;]<\/p>\n","protected":false},"author":1,"featured_media":0,"parent":0,"menu_order":0,"comment_status":"closed","ping_status":"closed","template":"","meta":{"_acf_changed":false,"footnotes":""},"class_list":["post-13","page","type-page","status-publish","hentry"],"acf":[],"yoast_head":"<!-- This site is optimized with the Yoast SEO plugin v25.6 - https:\/\/yoast.com\/wordpress\/plugins\/seo\/ -->\n<title>Av\u00eds legal - X4HPC<\/title>\n<meta name=\"robots\" content=\"noindex, nofollow\" \/>\n<meta property=\"og:locale\" content=\"ca_ES\" \/>\n<meta property=\"og:type\" content=\"article\" \/>\n<meta property=\"og:title\" content=\"Av\u00eds legal - X4HPC\" \/>\n<meta property=\"og:description\" content=\"De acuerdo con las obligaciones previstas en la Ley 34\/2002, de Servicios de la Sociedad de la Informaci\u00f3n y del Comercio Electr\u00f3nico (en adelante LSSIYCE), BARCELONA SUPERCOMPUTING CENTER &#8211; CENTRO NACIONAL DE SUPERCOMPUTACI\u00d3N (BSC-CNS) manifiesta que el dominio www.bsc.es es propiedad de BSC-CNS, con CIF S-0800099-D, y domicilio en c\/ Jordi Girona n. 31, 08034 [&hellip;]\" \/>\n<meta property=\"og:url\" content=\"https:\/\/x4hpc.cat\/ca\/avis-legal\/\" \/>\n<meta property=\"og:site_name\" content=\"X4HPC\" \/>\n<meta property=\"article:modified_time\" content=\"2023-05-31T07:28:43+00:00\" \/>\n<meta property=\"og:image\" content=\"https:\/\/www.bsc.es\/sites\/default\/files\/public\/legal_notice.png\" \/>\n<meta name=\"twitter:card\" content=\"summary_large_image\" \/>\n<meta name=\"twitter:site\" content=\"@x4hpc\" \/>\n<meta name=\"twitter:label1\" content=\"Temps estimat de lectura\" \/>\n\t<meta name=\"twitter:data1\" content=\"7 minuts\" \/>\n<script type=\"application\/ld+json\" class=\"yoast-schema-graph\">{\"@context\":\"https:\/\/schema.org\",\"@graph\":[{\"@type\":\"WebPage\",\"@id\":\"https:\/\/x4hpc.cat\/ca\/avis-legal\/\",\"url\":\"https:\/\/x4hpc.cat\/ca\/avis-legal\/\",\"name\":\"Av\u00eds legal - X4HPC\",\"isPartOf\":{\"@id\":\"https:\/\/x4hpc.cat\/#website\"},\"primaryImageOfPage\":{\"@id\":\"https:\/\/x4hpc.cat\/ca\/avis-legal\/#primaryimage\"},\"image\":{\"@id\":\"https:\/\/x4hpc.cat\/ca\/avis-legal\/#primaryimage\"},\"thumbnailUrl\":\"https:\/\/www.bsc.es\/sites\/default\/files\/public\/legal_notice.png\",\"datePublished\":\"2023-05-19T12:34:35+00:00\",\"dateModified\":\"2023-05-31T07:28:43+00:00\",\"breadcrumb\":{\"@id\":\"https:\/\/x4hpc.cat\/ca\/avis-legal\/#breadcrumb\"},\"inLanguage\":\"ca\",\"potentialAction\":[{\"@type\":\"ReadAction\",\"target\":[\"https:\/\/x4hpc.cat\/ca\/avis-legal\/\"]}]},{\"@type\":\"ImageObject\",\"inLanguage\":\"ca\",\"@id\":\"https:\/\/x4hpc.cat\/ca\/avis-legal\/#primaryimage\",\"url\":\"https:\/\/www.bsc.es\/sites\/default\/files\/public\/legal_notice.png\",\"contentUrl\":\"https:\/\/www.bsc.es\/sites\/default\/files\/public\/legal_notice.png\"},{\"@type\":\"BreadcrumbList\",\"@id\":\"https:\/\/x4hpc.cat\/ca\/avis-legal\/#breadcrumb\",\"itemListElement\":[{\"@type\":\"ListItem\",\"position\":1,\"name\":\"Portada\",\"item\":\"https:\/\/x4hpc.cat\/ca\/\"},{\"@type\":\"ListItem\",\"position\":2,\"name\":\"Av\u00eds legal\"}]},{\"@type\":\"WebSite\",\"@id\":\"https:\/\/x4hpc.cat\/#website\",\"url\":\"https:\/\/x4hpc.cat\/\",\"name\":\"X4HPC\",\"description\":\"Xarxa d&#039;R+D+I per la Supercomputaci\u00f3\",\"publisher\":{\"@id\":\"https:\/\/x4hpc.cat\/#organization\"},\"potentialAction\":[{\"@type\":\"SearchAction\",\"target\":{\"@type\":\"EntryPoint\",\"urlTemplate\":\"https:\/\/x4hpc.cat\/?s={search_term_string}\"},\"query-input\":{\"@type\":\"PropertyValueSpecification\",\"valueRequired\":true,\"valueName\":\"search_term_string\"}}],\"inLanguage\":\"ca\"},{\"@type\":\"Organization\",\"@id\":\"https:\/\/x4hpc.cat\/#organization\",\"name\":\"X4HPC\",\"url\":\"https:\/\/x4hpc.cat\/\",\"logo\":{\"@type\":\"ImageObject\",\"inLanguage\":\"ca\",\"@id\":\"https:\/\/x4hpc.cat\/#\/schema\/logo\/image\/\",\"url\":\"https:\/\/hundreds-wordpress-uploads.s3.amazonaws.com\/x4\/uploads\/2023\/05\/X4HPC_logo.png\",\"contentUrl\":\"https:\/\/hundreds-wordpress-uploads.s3.amazonaws.com\/x4\/uploads\/2023\/05\/X4HPC_logo.png\",\"width\":271,\"height\":79,\"caption\":\"X4HPC\"},\"image\":{\"@id\":\"https:\/\/x4hpc.cat\/#\/schema\/logo\/image\/\"},\"sameAs\":[\"https:\/\/x.com\/x4hpc\",\"https:\/\/www.linkedin.com\/company\/x4hpc\/\"]}]}<\/script>\n<!-- \/ Yoast SEO plugin. -->","yoast_head_json":{"title":"Av\u00eds legal - X4HPC","robots":{"index":"noindex","follow":"nofollow"},"og_locale":"ca_ES","og_type":"article","og_title":"Av\u00eds legal - X4HPC","og_description":"De acuerdo con las obligaciones previstas en la Ley 34\/2002, de Servicios de la Sociedad de la Informaci\u00f3n y del Comercio Electr\u00f3nico (en adelante LSSIYCE), BARCELONA SUPERCOMPUTING CENTER &#8211; CENTRO NACIONAL DE SUPERCOMPUTACI\u00d3N (BSC-CNS) manifiesta que el dominio www.bsc.es es propiedad de BSC-CNS, con CIF S-0800099-D, y domicilio en c\/ Jordi Girona n. 31, 08034 [&hellip;]","og_url":"https:\/\/x4hpc.cat\/ca\/avis-legal\/","og_site_name":"X4HPC","article_modified_time":"2023-05-31T07:28:43+00:00","og_image":[{"url":"https:\/\/www.bsc.es\/sites\/default\/files\/public\/legal_notice.png","type":"","width":"","height":""}],"twitter_card":"summary_large_image","twitter_site":"@x4hpc","twitter_misc":{"Temps estimat de lectura":"7 minuts"},"schema":{"@context":"https:\/\/schema.org","@graph":[{"@type":"WebPage","@id":"https:\/\/x4hpc.cat\/ca\/avis-legal\/","url":"https:\/\/x4hpc.cat\/ca\/avis-legal\/","name":"Av\u00eds legal - X4HPC","isPartOf":{"@id":"https:\/\/x4hpc.cat\/#website"},"primaryImageOfPage":{"@id":"https:\/\/x4hpc.cat\/ca\/avis-legal\/#primaryimage"},"image":{"@id":"https:\/\/x4hpc.cat\/ca\/avis-legal\/#primaryimage"},"thumbnailUrl":"https:\/\/www.bsc.es\/sites\/default\/files\/public\/legal_notice.png","datePublished":"2023-05-19T12:34:35+00:00","dateModified":"2023-05-31T07:28:43+00:00","breadcrumb":{"@id":"https:\/\/x4hpc.cat\/ca\/avis-legal\/#breadcrumb"},"inLanguage":"ca","potentialAction":[{"@type":"ReadAction","target":["https:\/\/x4hpc.cat\/ca\/avis-legal\/"]}]},{"@type":"ImageObject","inLanguage":"ca","@id":"https:\/\/x4hpc.cat\/ca\/avis-legal\/#primaryimage","url":"https:\/\/www.bsc.es\/sites\/default\/files\/public\/legal_notice.png","contentUrl":"https:\/\/www.bsc.es\/sites\/default\/files\/public\/legal_notice.png"},{"@type":"BreadcrumbList","@id":"https:\/\/x4hpc.cat\/ca\/avis-legal\/#breadcrumb","itemListElement":[{"@type":"ListItem","position":1,"name":"Portada","item":"https:\/\/x4hpc.cat\/ca\/"},{"@type":"ListItem","position":2,"name":"Av\u00eds legal"}]},{"@type":"WebSite","@id":"https:\/\/x4hpc.cat\/#website","url":"https:\/\/x4hpc.cat\/","name":"X4HPC","description":"Xarxa d&#039;R+D+I per la Supercomputaci\u00f3","publisher":{"@id":"https:\/\/x4hpc.cat\/#organization"},"potentialAction":[{"@type":"SearchAction","target":{"@type":"EntryPoint","urlTemplate":"https:\/\/x4hpc.cat\/?s={search_term_string}"},"query-input":{"@type":"PropertyValueSpecification","valueRequired":true,"valueName":"search_term_string"}}],"inLanguage":"ca"},{"@type":"Organization","@id":"https:\/\/x4hpc.cat\/#organization","name":"X4HPC","url":"https:\/\/x4hpc.cat\/","logo":{"@type":"ImageObject","inLanguage":"ca","@id":"https:\/\/x4hpc.cat\/#\/schema\/logo\/image\/","url":"https:\/\/hundreds-wordpress-uploads.s3.amazonaws.com\/x4\/uploads\/2023\/05\/X4HPC_logo.png","contentUrl":"https:\/\/hundreds-wordpress-uploads.s3.amazonaws.com\/x4\/uploads\/2023\/05\/X4HPC_logo.png","width":271,"height":79,"caption":"X4HPC"},"image":{"@id":"https:\/\/x4hpc.cat\/#\/schema\/logo\/image\/"},"sameAs":["https:\/\/x.com\/x4hpc","https:\/\/www.linkedin.com\/company\/x4hpc\/"]}]}},"_links":{"self":[{"href":"https:\/\/x4hpc.cat\/ca\/wp-json\/wp\/v2\/pages\/13","targetHints":{"allow":["GET"]}}],"collection":[{"href":"https:\/\/x4hpc.cat\/ca\/wp-json\/wp\/v2\/pages"}],"about":[{"href":"https:\/\/x4hpc.cat\/ca\/wp-json\/wp\/v2\/types\/page"}],"author":[{"embeddable":true,"href":"https:\/\/x4hpc.cat\/ca\/wp-json\/wp\/v2\/users\/1"}],"replies":[{"embeddable":true,"href":"https:\/\/x4hpc.cat\/ca\/wp-json\/wp\/v2\/comments?post=13"}],"version-history":[{"count":0,"href":"https:\/\/x4hpc.cat\/ca\/wp-json\/wp\/v2\/pages\/13\/revisions"}],"wp:attachment":[{"href":"https:\/\/x4hpc.cat\/ca\/wp-json\/wp\/v2\/media?parent=13"}],"curies":[{"name":"wp","href":"https:\/\/api.w.org\/{rel}","templated":true}]}}